{"id":52,"date":"2018-05-24T11:19:52","date_gmt":"2018-05-24T14:19:52","guid":{"rendered":"http:\/\/demo.athemes.com\/sydney-temp\/?page_id=4"},"modified":"2020-09-10T21:49:28","modified_gmt":"2020-09-11T00:49:28","slug":"services","status":"publish","type":"page","link":"https:\/\/apton.com.br\/index.php\/services\/","title":{"rendered":"Nossos servi\u00e7os"},"content":{"rendered":"<h3><\/h3>\n<ul>\n<li>Instala\u00e7\u00e3o e configura\u00e7\u00e3o de softwares<\/li>\n<li>Suporte ao uso de sistemas, portais web, certificados, etc<\/li>\n<li>Ferramentas de trabalho como office, antiv\u00edrus, zip, etc<\/li>\n<li>Configura\u00e7\u00e3o e preparo de pol\u00edticas de backup<\/li>\n<li>Recupera\u00e7\u00e3o de dados<\/li>\n<li>Anti-malwares, remo\u00e7\u00e3o de v\u00edrus<\/li>\n<li>Mapeamento da rede local<\/li>\n<li>Acesso remoto<\/li>\n<li>Defini\u00e7\u00e3o de pol\u00edticas de acesso \u00e0 rede<\/li>\n<li>Configura\u00e7\u00e3o e manuten\u00e7\u00e3o de redes com ou sem fio de computadores<\/li>\n<li>Troca de pe\u00e7as<\/li>\n<li>Browsers, e-mails, FTP, Telnet, proxy, firewall, VoIP e outros<\/li>\n<li>Manuten\u00e7\u00e3o e desenvolvimento de pequenas automa\u00e7\u00f5es, como macros \/ scripts<\/li>\n<li>Manuten\u00e7\u00e3o de impressoras, monitores e nobreaks<\/li>\n<\/ul>\n","protected":false},"excerpt":{"rendered":"<p>Instala\u00e7\u00e3o e configura\u00e7\u00e3o de softwares Suporte ao uso de sistemas, portais web, certificados, etc Ferramentas de trabalho como office, antiv\u00edrus, zip, etc Configura\u00e7\u00e3o e preparo de pol\u00edticas de backup Recupera\u00e7\u00e3o&hellip;<a href=\"https:\/\/apton.com.br\/index.php\/services\/\" class=\"more-link\"><span class=\"more-button\"><span class=\"screen-reader-text\">Nossos servi\u00e7os<\/span><\/span><\/a><\/p>\n","protected":false},"author":1,"featured_media":0,"parent":0,"menu_order":0,"comment_status":"closed","ping_status":"closed","template":"","meta":[],"_links":{"self":[{"href":"https:\/\/apton.com.br\/index.php\/wp-json\/wp\/v2\/pages\/52"}],"collection":[{"href":"https:\/\/apton.com.br\/index.php\/wp-json\/wp\/v2\/pages"}],"about":[{"href":"https:\/\/apton.com.br\/index.php\/wp-json\/wp\/v2\/types\/page"}],"author":[{"embeddable":true,"href":"https:\/\/apton.com.br\/index.php\/wp-json\/wp\/v2\/users\/1"}],"replies":[{"embeddable":true,"href":"https:\/\/apton.com.br\/index.php\/wp-json\/wp\/v2\/comments?post=52"}],"version-history":[{"count":64,"href":"https:\/\/apton.com.br\/index.php\/wp-json\/wp\/v2\/pages\/52\/revisions"}],"predecessor-version":[{"id":344,"href":"https:\/\/apton.com.br\/index.php\/wp-json\/wp\/v2\/pages\/52\/revisions\/344"}],"wp:attachment":[{"href":"https:\/\/apton.com.br\/index.php\/wp-json\/wp\/v2\/media?parent=52"}],"curies":[{"name":"wp","href":"https:\/\/api.w.org\/{rel}","templated":true}]}}