{"id":9,"date":"2018-08-30T10:03:06","date_gmt":"2018-08-30T13:03:06","guid":{"rendered":"http:\/\/apton.com.br\/?page_id=9"},"modified":"2020-09-11T11:32:01","modified_gmt":"2020-09-11T14:32:01","slug":"about","status":"publish","type":"page","link":"https:\/\/apton.com.br\/index.php\/about\/","title":{"rendered":"Sobre a empresa&#8230;"},"content":{"rendered":"<p>A empresa nasceu de uma latente demanda de pessoas carentes de apoio t\u00e9cnico de qualidade e pre\u00e7os justos. Essa demanda correspondida, levou para empresas a nossa expertise.<\/p>\n<p>Atuamos na \u00e1rea de tecnologia desde 2007, focando em suporte t\u00e9cnico, manuten\u00e7\u00e3o de rede e equipamentos de inform\u00e1tica.<\/p>\n<p>Desde ent\u00e3o, lidamos com empresas nacionais e multinacionais com unidades locais carentes de apoio t\u00e9cnico especializado. Trabalhamos tanto no apoio de um departamento de TI existente, como sendo o pr\u00f3prio departamento de TI da empresa.<\/p>\n<p>Visando a excel\u00eancia no atendimento, realizamos todos os trabalhos de forma muito transparente, apresentando solu\u00e7\u00f5es t\u00e9cnicas de qualidade, em compliance e economicamente vi\u00e1veis de acordo com a realidade da empresa e budgets dispon\u00edveis.<\/p>\n<p>De forma proativa e planejada, temos como miss\u00e3o consertar, melhorar, qualificar e atualizar ativos e pessoas, tendo como meta a busca incessante por aumento de performance.<\/p>\n<p>Se voc\u00ea ainda n\u00e3o \u00e9 cliente Apton e precisa de um help, entre em contato que retornaremos o mais breve poss\u00edvel. \ud83d\ude09<\/p>\n","protected":false},"excerpt":{"rendered":"<p>A empresa nasceu de uma latente demanda de pessoas carentes de apoio t\u00e9cnico de qualidade e pre\u00e7os justos. Essa demanda correspondida, levou para empresas a nossa expertise. Atuamos na \u00e1rea&hellip;<a href=\"https:\/\/apton.com.br\/index.php\/about\/\" class=\"more-link\"><span class=\"more-button\"><span class=\"screen-reader-text\">Sobre a empresa&#8230;<\/span><\/span><\/a><\/p>\n","protected":false},"author":1,"featured_media":184,"parent":0,"menu_order":0,"comment_status":"closed","ping_status":"closed","template":"","meta":[],"_links":{"self":[{"href":"https:\/\/apton.com.br\/index.php\/wp-json\/wp\/v2\/pages\/9"}],"collection":[{"href":"https:\/\/apton.com.br\/index.php\/wp-json\/wp\/v2\/pages"}],"about":[{"href":"https:\/\/apton.com.br\/index.php\/wp-json\/wp\/v2\/types\/page"}],"author":[{"embeddable":true,"href":"https:\/\/apton.com.br\/index.php\/wp-json\/wp\/v2\/users\/1"}],"replies":[{"embeddable":true,"href":"https:\/\/apton.com.br\/index.php\/wp-json\/wp\/v2\/comments?post=9"}],"version-history":[{"count":6,"href":"https:\/\/apton.com.br\/index.php\/wp-json\/wp\/v2\/pages\/9\/revisions"}],"predecessor-version":[{"id":356,"href":"https:\/\/apton.com.br\/index.php\/wp-json\/wp\/v2\/pages\/9\/revisions\/356"}],"wp:featuredmedia":[{"embeddable":true,"href":"https:\/\/apton.com.br\/index.php\/wp-json\/wp\/v2\/media\/184"}],"wp:attachment":[{"href":"https:\/\/apton.com.br\/index.php\/wp-json\/wp\/v2\/media?parent=9"}],"curies":[{"name":"wp","href":"https:\/\/api.w.org\/{rel}","templated":true}]}}